{"id":190,"date":"2011-06-17T15:58:22","date_gmt":"2011-06-17T19:58:22","guid":{"rendered":"http:\/\/amphitheatre-quebec.org\/blog\/?page_id=190"},"modified":"2012-09-10T13:23:03","modified_gmt":"2012-09-10T17:23:03","slug":"accueil","status":"publish","type":"page","link":"http:\/\/amphitheatre-quebec.org\/blog\/accueil\/","title":{"rendered":"Accueil"},"content":{"rendered":"<p style=\"text-align: center;\"><strong><br \/>\nDes citoyens s\u2019opposent \u00e0 l\u2019Entente Ville de Qu\u00e9bec-Quebecor Media en ce qui concerne la gestion du futur amphith\u00e9\u00e2tre de Qu\u00e9bec<\/strong><\/p>\n<h2>Pourquoi un site Internet ?<\/h2>\n<p>Cr\u00e9\u00e9 en mai 2011, et mis \u00e0 jour r\u00e9guli\u00e8rement, ce site veut informer les internautes des raisons v\u00e9ritables qui animent les opposants \u00e0 l\u2019<em>Entente<\/em>, Denis de Belleval et Alain Miville de Ch\u00eane. Depuis quelques semaines, on assiste \u00e0 plusieurs tentatives de d\u00e9sinformation de la part des m\u00e9dias et des blogueurs sur ce sujet, il convient d\u2019y mettre de l\u2019ordre et de pr\u00e9ciser certains faits.<\/p>\n<blockquote><p><strong>Tout d\u2019abord r\u00e9it\u00e9rons que l\u2019objectif des opposants n\u2019est pas d\u2019emp\u00eacher la construction d\u2019un nouvel amphith\u00e9\u00e2tre \u00e0 Qu\u00e9bec, ni de nuire \u00e0 l\u2019\u00e9ventuelle venue \u00e0 Qu\u00e9bec d\u2019une \u00e9quipe de la Ligue nationale de hockey.<\/strong><\/p>\n<p><strong>Ajoutons qu\u2019ils agissent en leur nom personnel, qu\u2019ils sont appuy\u00e9s dans leur d\u00e9marche par des citoyens convaincus comme eux et non par des entreprises ou des associations ligu\u00e9es contre la Ville de Qu\u00e9bec, contre son maire ou contre Quebecor Media.<\/strong><\/p><\/blockquote>\n<p>Vous trouverez dans ce site, sous la rubrique <a href=\"http:\/\/amphitheatre-quebec.org\/blog\/documents\/\" target=\"_blank\">Documents<\/a> tous les textes officiels \u00e9tudi\u00e9s, analys\u00e9s et d\u00e9pos\u00e9s en appui \u00e0 la contestation des opposants. Ils vous permettront de mieux saisir les enjeux qui les poussent \u00e0 agir afin que la population de Qu\u00e9bec et du Qu\u00e9bec soit au fait des cons\u00e9quences pour elle de l\u2019<em>Entente<\/em>.<\/p>\n<h2>La mission des opposants<\/h2>\n<p>Les opposants d\u00e9noncent certains actes de l\u2019<em>Entente<\/em> intervenue le dimanche 27 f\u00e9vrier 2011, entre la Ville de Qu\u00e9bec et Quebecor Media, qui c\u00e8de \u00e0 cette entreprise la gestion d\u2019un futur amphith\u00e9\u00e2tre multifonctionnel.<\/p>\n<p>Apr\u00e8s avoir rigoureusement analys\u00e9 les clauses de l\u2019<em>Entente<\/em>, de m\u00eame que les articles de lois pertinents, les opposants d\u00e9montrent que <strong>l\u2019<em>Entente<\/em> de gestion est ill\u00e9gale et in\u00e9quitable<\/strong>.<\/p>\n<h2>Pourquoi s\u2019opposer \u00e0 \u00a0l\u2019<em>Entente<\/em> ?<\/h2>\n<p>Ce qui suit est un tr\u00e8s bref r\u00e9sum\u00e9 des raisons qui justifient une opposition \u00e0 l\u2019Entente. Les documents complets se trouvent sous la rubrique <a href=\"http:\/\/amphitheatre-quebec.org\/blog\/documents\/\" target=\"_blank\">Documents<\/a>.<\/p>\n<ol>\n<li>L\u2019Entente viole plusieurs articles de la Loi sur les comp\u00e9tences municipales ainsi que de la Loi des cit\u00e9s et villes. Cette affirmation est corrobor\u00e9e par le Barreau du Canada et par plusieurs \u00e9minents juristes.<\/li>\n<li>La Ville n\u2019a pas eu recours \u00e0 la proc\u00e9dure d\u2019<em>Appel d\u2019offres<\/em> pr\u00e9vue en pareille situation.<\/li>\n<li>L\u2019<em>Entente<\/em> entend financer le projet, en grande partie, \u00e0 m\u00eame les fonds publics. Autrement dit, les contribuables du Qu\u00e9bec et les citoyens de la ville fourniront, \u00e0 m\u00eame leurs imp\u00f4ts et leurs taxes, les quelque 400 millions de dollars n\u00e9cessaires au projet. L\u2019\u00e9valuation des co\u00fbts est d\u2019ailleurs jug\u00e9e approximative par les experts.<\/li>\n<li>L\u2019<em>Entente<\/em> consiste \u00e0 venir en aide \u00e0 une entreprise (Quebecor Media) pour ses propres fins commerciales.<\/li>\n<li>Selon l\u2019<em>Entente<\/em>, les contribuables et les citoyens de la ville de Qu\u00e9bec ne b\u00e9n\u00e9ficieront d\u2019aucun acc\u00e8s subventionn\u00e9 par la Ville aux divertissements produits par Quebecor Media gr\u00e2ce au nouvel amphith\u00e9\u00e2tre.<\/li>\n<li>L\u2019Entente donne \u00e0 Quebecor Media, sans compensation proportionn\u00e9e, la jouissance exclusive de l\u2019amphith\u00e9\u00e2tre et lui accorde une exemption de taxes pour une p\u00e9riode pouvant aller jusqu\u2019\u00e0 30 ans.<\/li>\n<li>Selon l\u2019<em>Entente<\/em>, Quebecor Media ne s\u2019engage \u00e0 rien. Elle peut mettre fin \u00e0 tout moment au bail de gestion unilat\u00e9ralement et sans compensation pour la Ville.<\/li>\n<li>La Ville n\u2019est assur\u00e9e d\u2019aucun revenu de location, tant et aussi longtemps que durera l\u2019absence d\u2019une \u00e9quipe de la LNH.<\/li>\n<li>Quebecor Media n\u2019est pas en mesure de garantir la pr\u00e9sence \u00e9ventuelle d\u2019une \u00e9quipe de la LNH.<\/li>\n<\/ol>\n<p>Si vous souhaitez demeurer inform\u00e9 de l\u2019\u00e9volution de ce dossier ou participer d\u2019une fa\u00e7on quelconque, veuillez nous \u00e9crire \u00e0 <a href=\"mailto:info@amphitheatre-quebec.org\">info@amphitheatre-quebec.org<\/a>.<br \/>\n<script type=\"text\/javascript\">\/\/ < ![CDATA[\n\/\/ < ![CDATA[\n\/\/ < ![CDATA[\n  var _gaq = _gaq || [];\n  _gaq.push(['_setAccount', 'UA-25654855-3']);\n  _gaq.push(['_trackPageview']);\n\n  (function() {\n    var ga = document.createElement('script'); ga.type = 'text\/javascript'; ga.async = true;\n    ga.src = ('https:' == document.location.protocol ? 'https:\/\/ssl' : 'http:\/\/www') + '.google-analytics.com\/ga.js';\n    var s = document.getElementsByTagName('script')[0]; s.parentNode.insertBefore(ga, s);\n  })();\n\/\/ ]]><\/script><\/p>\n","protected":false},"excerpt":{"rendered":"<p>Des citoyens s\u2019opposent \u00e0 l\u2019Entente Ville de Qu\u00e9bec-Quebecor Media en ce qui concerne la gestion du futur amphith\u00e9\u00e2tre de Qu\u00e9bec Pourquoi un site Internet ? Cr\u00e9\u00e9 en mai 2011, et mis \u00e0 jour r\u00e9guli\u00e8rement, ce site veut informer les internautes &hellip; <a href=\"http:\/\/amphitheatre-quebec.org\/blog\/accueil\/\">Continuer la lecture <span class=\"meta-nav\">&rarr;<\/span><\/a><\/p>\n","protected":false},"author":1,"featured_media":0,"parent":0,"menu_order":0,"comment_status":"closed","ping_status":"open","template":"onecolumn-page.php","meta":{"jetpack_post_was_ever_published":false,"footnotes":""},"class_list":["post-190","page","type-page","status-publish","hentry"],"jetpack_sharing_enabled":true,"jetpack_shortlink":"https:\/\/wp.me\/P1yH5L-34","_links":{"self":[{"href":"http:\/\/amphitheatre-quebec.org\/blog\/wp-json\/wp\/v2\/pages\/190","targetHints":{"allow":["GET"]}}],"collection":[{"href":"http:\/\/amphitheatre-quebec.org\/blog\/wp-json\/wp\/v2\/pages"}],"about":[{"href":"http:\/\/amphitheatre-quebec.org\/blog\/wp-json\/wp\/v2\/types\/page"}],"author":[{"embeddable":true,"href":"http:\/\/amphitheatre-quebec.org\/blog\/wp-json\/wp\/v2\/users\/1"}],"replies":[{"embeddable":true,"href":"http:\/\/amphitheatre-quebec.org\/blog\/wp-json\/wp\/v2\/comments?post=190"}],"version-history":[{"count":10,"href":"http:\/\/amphitheatre-quebec.org\/blog\/wp-json\/wp\/v2\/pages\/190\/revisions"}],"predecessor-version":[{"id":414,"href":"http:\/\/amphitheatre-quebec.org\/blog\/wp-json\/wp\/v2\/pages\/190\/revisions\/414"}],"wp:attachment":[{"href":"http:\/\/amphitheatre-quebec.org\/blog\/wp-json\/wp\/v2\/media?parent=190"}],"curies":[{"name":"wp","href":"https:\/\/api.w.org\/{rel}","templated":true}]}}