{"id":69,"date":"2011-05-22T21:03:13","date_gmt":"2011-05-23T01:03:13","guid":{"rendered":"http:\/\/amphitheatre-quebec.org\/blog\/?page_id=69"},"modified":"2011-11-25T15:34:37","modified_gmt":"2011-11-25T20:34:37","slug":"dons","status":"publish","type":"page","link":"http:\/\/amphitheatre-quebec.org\/blog\/dons\/","title":{"rendered":"Collecte de fonds"},"content":{"rendered":"<form action=\"https:\/\/www.paypal.com\/cgi-bin\/webscr\" method=\"post\"> <input name=\"cmd\" type=\"hidden\" value=\"_s-xclick\" \/> <input name=\"hosted_button_id\" type=\"hidden\" value=\"L5T3YL3FUP2GG\" \/> <input alt=\"PayPal - la solution de paiement en ligne la plus simple et la plus s\u00e9curis\u00e9e !\" name=\"submit\" src=\"https:\/\/www.paypalobjects.com\/fr_CA\/i\/btn\/btn_donateCC_LG.gif\" type=\"image\" \/> <img loading=\"lazy\" decoding=\"async\" src=\"https:\/\/www.paypalobjects.com\/en_US\/i\/scr\/pixel.gif\" border=\"0\" alt=\"\" width=\"1\" height=\"1\" \/><br \/>\n<\/form>\n<p>Il est maintenant clair que la Ville ne reculera devant rien pour r\u00e9aliser son entente ill\u00e9gale. Nous avons choisi de d\u00e9poser une requ\u00eate en nullit\u00e9 en cour sup\u00e9rieure du Qu\u00e9bec.<\/p>\n<p>C&rsquo;est la premi\u00e8re fois que j&rsquo;essaye de ramasser des fonds et je suis agr\u00e9ablement surpris. Nous avons eu beaucoup de 100$ et de 50$ (et m\u00eame un 1 000$!) ce qui fait vite monter le total.<\/p>\n<p>La plupart des donateurs sont de la r\u00e9gion de Qu\u00e9bec, mais voici la liste des villes d&rsquo;o\u00f9 proviennent les dons. Ca vient de partout, m\u00eame North Miami Beach et La Turbie en France!<\/p>\n<p>Alma, Austin (USA), Baie St-Paul, Beauport, Beaupr\u00e9, Boischatel, Boucherville, Brossard, Cap-Saint-Ignace, Charny, Chicoutimi, Contrecoeur, Dollard des Ormeaux, Fulford, Gatineau, Granby, Hampstead, Huntingdon, Jonqui\u00e8re, L&rsquo;Ancienne-Lorette, La Pocati\u00e8re, Lachine, La Turbie (France), Laterri\u00e8re, Laval, Levis, Longueuil, Mansonville, Maelbourne, Montreal, Neuville, Newport, North Miami Beach (USA), Ottawa, Outremont, Pierrefonds, Pincourt, Pontiac, Qu\u00e9bec, Rimouski, Rivi\u00e8re du loup, Roberval, Rosem\u00e8re, Saint-augustin de Desmaures, Saint-Bruno, Saint-Lambert, Saint-Michel, Saint-Nicolas, Saint-Raymond, Sainte-Foy,Qu\u00e9bec, Salaberry-de-Valleyfield, Sherbrooke, Sillery,\u00a0Sorel-Tracy, St-Colomban, St-Eustache, St-Jean Chrysostome, St-J\u00e9rome, St-F\u00e9rr\u00e9ol, St-L\u00e9onard, St-Mathias-sur-Richelieu, St-Pac\u00f4me, St-Pierre, Ile d&rsquo;Orl\u00e9ans, Ste-Therese,\u00a0Ste-Victoire, Val-morin, Verdun, Ville de la Baie.<\/p>\n<p>On voit que la primaut\u00e9 du droit et la saine et l\u00e9gale gestion des villes sont des sujets qui touchent tout le monde.<\/p>\n<p>Nous serons \u00e9conomes en agissant le plus possible par nous-m\u00eames dans les proc\u00e9dures judiciaires, en ne d\u00e9pensant que pour se faire aider de certains avocats sp\u00e9cialis\u00e9s au besoin. Nous ne gaspillerons pas votre argent.<\/p>\n<form action=\"https:\/\/www.paypal.com\/cgi-bin\/webscr\" method=\"post\"> Exprimez-vous avec votre portefeuille! 30$ c&rsquo;est une soir\u00e9e dans un bar. Payez-vous la traite! 60$ c&rsquo;est un billet de spectacle. Venez \u00e0 la f\u00eate! Si vous \u00eates plus fortun\u00e9, 1000$ c&rsquo;est bien plac\u00e9! Donnez comme vous pouvez. Votre contribution nous permettra de payer nos frais d&rsquo;avocats et de justice, mais en plus enverra un message aux \u00e9lus que les citoyens de Qu\u00e9bec et du Qu\u00e9bec veulent un \u00e9tat de droit. Soyez nombreux. Soyez g\u00e9n\u00e9reux. Parlez-en \u00e0 un ou deux de vos amis. Plus vous donnerez, plus le message portera. <\/form>\n<form action=\"https:\/\/www.paypal.com\/cgi-bin\/webscr\" method=\"post\"> <\/form>\n<form action=\"https:\/\/www.paypal.com\/cgi-bin\/webscr\" method=\"post\">&nbsp;<\/p>\n<p>Vous pouvez donner via le bouton au haut de cette page qui utilise le syst\u00e8me PayPal. Vous n&rsquo;avez pas besoin d&rsquo;\u00eatre membre de PayPal car ils acceptent aussi les cartes de cr\u00e9dits (voir \u00e0 gauche sur la  page de PayPal lorsque vous y serez). Vous \u00eates en confiance en utilisant ce syst\u00e8me de paiement. Nous ne saurons jamais vos informations confidentielles.<\/p>\n<\/form>\n<form action=\"https:\/\/www.paypal.com\/cgi-bin\/webscr\" method=\"post\"> <\/form>\n<form action=\"https:\/\/www.paypal.com\/cgi-bin\/webscr\" method=\"post\"><span style=\"font-size: 16px; line-height: 24px;\"><br \/>\nVous pouvez aussi poster un ch\u00e8que fait au nom de \u00ab\u00a0A<\/span><em style=\"font-size: 16px; line-height: 24px;\">u tribunal!<\/em><span style=\"font-size: 16px; line-height: 24px;\">\u00a0\u00bb \u00e0 l&rsquo;adresse:<\/span>Au tribunal!,<br \/>\nCP 1222 HV,<br \/>\nQu\u00e9bec, QC,<br \/>\nG1R 5A7.<\/form>\n<form action=\"https:\/\/www.paypal.com\/cgi-bin\/webscr\" method=\"post\">&nbsp;<\/p>\n<\/form>\n<form action=\"https:\/\/www.paypal.com\/cgi-bin\/webscr\" method=\"post\">Les dons sont anonymes. <\/form>\n<form action=\"https:\/\/www.paypal.com\/cgi-bin\/webscr\" method=\"post\">&nbsp;<\/p>\n<\/form>\n<form action=\"https:\/\/www.paypal.com\/cgi-bin\/webscr\" method=\"post\">&nbsp;<\/p>\n<\/form>\n","protected":false},"excerpt":{"rendered":"<p>Il est maintenant clair que la Ville ne reculera devant rien pour r\u00e9aliser son entente ill\u00e9gale. Nous avons choisi de d\u00e9poser une requ\u00eate en nullit\u00e9 en cour sup\u00e9rieure du Qu\u00e9bec. C&rsquo;est la premi\u00e8re fois que j&rsquo;essaye de ramasser des fonds &hellip; <a href=\"http:\/\/amphitheatre-quebec.org\/blog\/dons\/\">Continuer la lecture <span class=\"meta-nav\">&rarr;<\/span><\/a><\/p>\n","protected":false},"author":1,"featured_media":0,"parent":0,"menu_order":0,"comment_status":"closed","ping_status":"open","template":"onecolumn-page.php","meta":{"jetpack_post_was_ever_published":false,"footnotes":""},"class_list":["post-69","page","type-page","status-publish","hentry"],"jetpack_sharing_enabled":true,"jetpack_shortlink":"https:\/\/wp.me\/P1yH5L-17","_links":{"self":[{"href":"http:\/\/amphitheatre-quebec.org\/blog\/wp-json\/wp\/v2\/pages\/69","targetHints":{"allow":["GET"]}}],"collection":[{"href":"http:\/\/amphitheatre-quebec.org\/blog\/wp-json\/wp\/v2\/pages"}],"about":[{"href":"http:\/\/amphitheatre-quebec.org\/blog\/wp-json\/wp\/v2\/types\/page"}],"author":[{"embeddable":true,"href":"http:\/\/amphitheatre-quebec.org\/blog\/wp-json\/wp\/v2\/users\/1"}],"replies":[{"embeddable":true,"href":"http:\/\/amphitheatre-quebec.org\/blog\/wp-json\/wp\/v2\/comments?post=69"}],"version-history":[{"count":68,"href":"http:\/\/amphitheatre-quebec.org\/blog\/wp-json\/wp\/v2\/pages\/69\/revisions"}],"predecessor-version":[{"id":72,"href":"http:\/\/amphitheatre-quebec.org\/blog\/wp-json\/wp\/v2\/pages\/69\/revisions\/72"}],"wp:attachment":[{"href":"http:\/\/amphitheatre-quebec.org\/blog\/wp-json\/wp\/v2\/media?parent=69"}],"curies":[{"name":"wp","href":"https:\/\/api.w.org\/{rel}","templated":true}]}}